{"id":44356,"date":"2021-03-24T11:40:14","date_gmt":"2021-03-24T10:40:14","guid":{"rendered":"https:\/\/www.everysize.com\/mag\/?page_id=44356"},"modified":"2025-03-18T10:34:54","modified_gmt":"2025-03-18T09:34:54","slug":"ueber-uns","status":"publish","type":"page","link":"https:\/\/www.everysize.com\/mag\/ueber-uns\/","title":{"rendered":"\u00dcber Uns"},"content":{"rendered":"<div class=\"wp-block-group everysize-about-hero-with-image has-background\" style=\"background-color:#f3f3f3\"><div class=\"wp-block-group__inner-container is-layout-flow wp-block-group-is-layout-flow\">\n<div class=\"wp-block-columns is-layout-flex wp-container-core-columns-is-layout-9d6595d7 wp-block-columns-is-layout-flex\">\n<div class=\"wp-block-column is-layout-flow wp-block-column-is-layout-flow\" style=\"flex-basis:60%\">\n<p class=\"is-style-about-header\">everysize vereinfacht <br>die Suche nach deinem Wunsch-Sneaker<br>in der richtigen Gr\u00f6\u00dfe und zum besten Preis!<\/p>\n<\/div>\n\n\n\n<div class=\"wp-block-column is-layout-flow wp-block-column-is-layout-flow\" style=\"flex-basis:50%\">\n<figure class=\"wp-block-image size-large\"><noscript><img fetchpriority=\"high\" decoding=\"async\" width=\"1160\" height=\"820\" src=\"https:\/\/www.everysize.com\/mag\/wp-content\/uploads\/everysize-Air-Force_Bubble-1160x820.png\" alt class=\"wp-image-44650\" srcset=\"https:\/\/www.everysize.com\/mag\/wp-content\/uploads\/everysize-Air-Force_Bubble-1160x820.png 1160w, https:\/\/www.everysize.com\/mag\/wp-content\/uploads\/everysize-Air-Force_Bubble-800x565.png 800w, https:\/\/www.everysize.com\/mag\/wp-content\/uploads\/everysize-Air-Force_Bubble-450x318.png 450w, https:\/\/www.everysize.com\/mag\/wp-content\/uploads\/everysize-Air-Force_Bubble-1132x800.png 1132w, https:\/\/www.everysize.com\/mag\/wp-content\/uploads\/everysize-Air-Force_Bubble.png 1206w\" sizes=\"(max-width: 1160px) 100vw, 1160px\"><\/noscript><img fetchpriority=\"high\" decoding=\"async\" width=\"1160\" height=\"820\" src=\"data:image\/svg+xml,%3Csvg%20xmlns%3D%22http%3A%2F%2Fwww.w3.org%2F2000%2Fsvg%22%20viewBox%3D%220%200%201160%20820%22%3E%3C%2Fsvg%3E\" alt class=\"wp-image-44650 lazyload\" srcset=\"data:image\/svg+xml,%3Csvg%20xmlns%3D%22http%3A%2F%2Fwww.w3.org%2F2000%2Fsvg%22%20viewBox%3D%220%200%201160%20820%22%3E%3C%2Fsvg%3E 1160w\" sizes=\"(max-width: 1160px) 100vw, 1160px\" data-srcset=\"https:\/\/www.everysize.com\/mag\/wp-content\/uploads\/everysize-Air-Force_Bubble-1160x820.png 1160w, https:\/\/www.everysize.com\/mag\/wp-content\/uploads\/everysize-Air-Force_Bubble-800x565.png 800w, https:\/\/www.everysize.com\/mag\/wp-content\/uploads\/everysize-Air-Force_Bubble-450x318.png 450w, https:\/\/www.everysize.com\/mag\/wp-content\/uploads\/everysize-Air-Force_Bubble-1132x800.png 1132w, https:\/\/www.everysize.com\/mag\/wp-content\/uploads\/everysize-Air-Force_Bubble.png 1206w\" data-src=\"https:\/\/www.everysize.com\/mag\/wp-content\/uploads\/everysize-Air-Force_Bubble-1160x820.png\"><\/figure>\n<\/div>\n<\/div>\n<\/div><\/div>\n\n\n\n<div class=\"wp-block-group\"><div class=\"wp-block-group__inner-container is-layout-flow wp-block-group-is-layout-flow\">\n<p class=\"is-style-about-header\">Sneaker in deiner Gr\u00f6\u00dfe zum besten Preis finden &#8211; das ist unsere Mission.<\/p>\n<\/div><\/div>\n\n\n\n<div class=\"wp-block-group is-style-about-wide-width has-background\" style=\"background-color:#f3f3f3\"><div class=\"wp-block-group__inner-container is-layout-flow wp-block-group-is-layout-flow\"><div class=\"splide wp-block-everysize-slider is-style-with-label-dots  slider_5008457448ca\" data-splide=\"{&quot;focus&quot;: &quot;center&quot;,&quot;trimSpace&quot;: false,&quot;breakpoints&quot;: { &quot;640&quot;: { &quot;perPage&quot;: 1 } }}\">\n\t<div class=\"splide__track\">\n\t\t<div class=\"splide__list\">\n\t\t\t\n<div class=\"splide__slide wp-block-everysize-slide\" data-dot-label=\"Partner-Shops\"><div class=\"wp-block-everysize-slide-content \">\n\n<div class=\"wp-block-columns is-layout-flex wp-container-core-columns-is-layout-9d6595d7 wp-block-columns-is-layout-flex\">\n<div class=\"wp-block-column is-layout-flow wp-block-column-is-layout-flow\">\n<p style=\"white-space: pre;\" class=\"is-huge-font-size\">&gt;50<\/p>\n<\/div>\n\n\n\n<div class=\"wp-block-column is-layout-flow wp-block-column-is-layout-flow\">\n<p class=\"is-style-about-header\">Partner-Shops<\/p>\n\n\n\n<p>Vor der Anbindung pr\u00fcfen wir alle <a href=\"https:\/\/www.everysize.com\/mag\/shops\/\">Shops<\/a> sorgf\u00e4ltig anhand verschiedener Kriterien<\/p>\n<\/div>\n<\/div>\n\n<\/div><\/div>\n\n<div class=\"splide__slide wp-block-everysize-slide\" data-dot-label=\"Marken\"><div class=\"wp-block-everysize-slide-content \">\n\n<div class=\"wp-block-columns is-layout-flex wp-container-core-columns-is-layout-9d6595d7 wp-block-columns-is-layout-flex\">\n<div class=\"wp-block-column is-layout-flow wp-block-column-is-layout-flow\">\n<p style=\"white-space: pre;\" class=\"is-huge-font-size\">&gt;150<\/p>\n<\/div>\n\n\n\n<div class=\"wp-block-column is-layout-flow wp-block-column-is-layout-flow\">\n<p class=\"is-style-about-header\">Marken<\/p>\n\n\n\n<p>Von Top-Marken wie <a href=\"https:\/\/www.everysize.com\/schuhe\/adidas\/\">adidas<\/a>, <a href=\"https:\/\/www.everysize.com\/schuhe\/nike\/\">Nike<\/a> oder <a href=\"https:\/\/www.everysize.com\/schuhe\/jordan\/\">Jordan<\/a> bis hin zu Newcomern wie <a href=\"https:\/\/www.everysize.com\/schuhe\/veja\/\">Veja<\/a> findest du alles<\/p>\n<\/div>\n<\/div>\n\n<\/div><\/div>\n\n<div class=\"splide__slide wp-block-everysize-slide\" data-dot-label=\"Produkte\"><div class=\"wp-block-everysize-slide-content \">\n\n<div class=\"wp-block-columns is-layout-flex wp-container-core-columns-is-layout-9d6595d7 wp-block-columns-is-layout-flex\">\n<div class=\"wp-block-column is-layout-flow wp-block-column-is-layout-flow\">\n<p style=\"white-space: pre;\" class=\"is-huge-font-size\">&gt;120.\n000<\/p>\n<\/div>\n\n\n\n<div class=\"wp-block-column is-layout-flow wp-block-column-is-layout-flow\">\n<p class=\"is-style-about-header\">Produkte<\/p>\n\n\n\n<p>Filter nach deiner Gr\u00f6\u00dfe und entdecke deine pers\u00f6nliche Sneaker-Auswahl<\/p>\n<\/div>\n<\/div>\n\n<\/div><\/div>\n\n\t\t<\/div>\n\t<\/div>\n<\/div><\/div><\/div>\n\n\n\n<div class=\"wp-block-group\"><div class=\"wp-block-group__inner-container is-layout-flow wp-block-group-is-layout-flow\">\n<p>Die Suche nach dem perfekten Sneaker kann schon mal Nerven kosten. Du bist schon seit Ewigkeiten auf der Suche nach deinem Wunsch-Sneaker, hast unz\u00e4hlige Shops durchsucht und stellst dann fest:&nbsp; deine Gr\u00f6\u00dfe ist ausverkauft. Ganz sch\u00f6n frustrierend.<\/p>\n\n\n\n<p>Unsere Gr\u00fcnder kannten das Problem nur zu gut und dachten sich: Das muss doch leichter gehen! Also &#8211; K\u00f6pfe zusammengesteckt und kurze Zeit sp\u00e4ter war die Sneaker-Suche auf den Kopf gestellt und everysize geboren. Eine Revolution f\u00fcr die Suche nach Sneakern, denn everysize stellte als erste Sneaker-Suchmaschine die Gr\u00f6\u00dfe als ausschlaggebendes Kriterium in den Fokus. Denn wer kann schon was mit einem Schuh anfangen, der nicht passt?<\/p>\n\n\n\n<p>Wir haben es uns zur Aufgabe gemacht, die Sneaker-Suche f\u00fcr dich so bequem und angenehm wie m\u00f6glich zu machen. Wir nehmen dir die Suche und den Stress ab, indem wir eine Vielzahl an Onlineshops gleichzeitig durchforsten und dir zeigen, wo du deinen gew\u00fcnschten Sneaker zum besten Preis bekommst.<\/p>\n<\/div><\/div>\n\n\n\n<div class=\"wp-block-group is-style-about-wide-width\"><div class=\"wp-block-group__inner-container is-layout-flow wp-block-group-is-layout-flow\"><\/div><\/div>\n\n\n\n<div class=\"wp-block-group\"><div class=\"wp-block-group__inner-container is-layout-flow wp-block-group-is-layout-flow\">\n<p class=\"is-style-about-header\">Wir, die Familie everysize haben eins gemeinsam &#8211; die Leidenschaft f\u00fcr Sneaker und digitale Medien.<\/p>\n<\/div><\/div>\n\n\n\n<div class=\"wp-block-group is-style-about-full-width has-white-color has-text-color has-background\" style=\"background-color:#fc4253\"><div class=\"wp-block-group__inner-container is-layout-flow wp-block-group-is-layout-flow\"><style>.slider_11b16d40e4b8 { --everysize-slides-max-width: 430px }.slider_11b16d40e4b8 { --everysize-slides-gap-width: 133px }<\/style><div class=\"splide wp-block-everysize-slider is-style-default only-images-on-inactive grayscale-inactive reduced-opacity-inactive is-auto-width slider_11b16d40e4b8\" data-splide=\"{&quot;autoWidth&quot;: true,&quot;type&quot;: &quot;loop&quot;,&quot;focus&quot;: &quot;center&quot;,&quot;trimSpace&quot;: false,&quot;arrows&quot;: true,&quot;gap&quot;: &quot;133px&quot;,&quot;breakpoints&quot;: { &quot;1024&quot;: { &quot;gap&quot;: &quot;26px&quot; } }}\">\n\t<div class=\"splide__track\">\n\t\t<div class=\"splide__list\">\n\t\t\t\n<div class=\"splide__slide wp-block-everysize-slide\" data-dot-label><div class=\"wp-block-everysize-slide-content \">\n\n<figure class=\"wp-block-image size-large\"><noscript><img decoding=\"async\" width=\"434\" height=\"521\" src=\"https:\/\/www.everysize.com\/mag\/wp-content\/uploads\/Tanja-1.jpg\" alt class=\"wp-image-46258\"><\/noscript><img decoding=\"async\" width=\"434\" height=\"521\" src=\"data:image\/svg+xml,%3Csvg%20xmlns%3D%22http%3A%2F%2Fwww.w3.org%2F2000%2Fsvg%22%20viewBox%3D%220%200%20434%20521%22%3E%3C%2Fsvg%3E\" alt class=\"wp-image-46258 lazyload\" data-src=\"https:\/\/www.everysize.com\/mag\/wp-content\/uploads\/Tanja-1.jpg\"><\/figure>\n\n\n\n<div class=\"wp-block-group slider-person-info-with-mail-button\"><div class=\"wp-block-group__inner-container is-layout-flow wp-block-group-is-layout-flow\">\n<p class=\"is-style-slider-title\">Tanja Becker<\/p>\n\n\n\n<p class=\"is-style-slider-very-small\">Marketing<\/p>\n<\/div><\/div>\n\n<\/div><\/div>\n\n<div class=\"splide__slide wp-block-everysize-slide\" data-dot-label><div class=\"wp-block-everysize-slide-content \">\n<div class=\"wp-block-image\">\n<figure class=\"aligncenter size-large\"><noscript><img decoding=\"async\" width=\"434\" height=\"521\" src=\"https:\/\/www.everysize.com\/mag\/wp-content\/uploads\/Denis-1.jpg\" alt class=\"wp-image-46262\"><\/noscript><img decoding=\"async\" width=\"434\" height=\"521\" src=\"data:image\/svg+xml,%3Csvg%20xmlns%3D%22http%3A%2F%2Fwww.w3.org%2F2000%2Fsvg%22%20viewBox%3D%220%200%20434%20521%22%3E%3C%2Fsvg%3E\" alt class=\"wp-image-46262 lazyload\" data-src=\"https:\/\/www.everysize.com\/mag\/wp-content\/uploads\/Denis-1.jpg\"><\/figure>\n<\/div>\n\n\n<div class=\"wp-block-group slider-person-info-with-mail-button\"><div class=\"wp-block-group__inner-container is-layout-flow wp-block-group-is-layout-flow\">\n<p class=\"is-style-slider-title\">Denis Falkenstein<\/p>\n\n\n\n<p class=\"is-style-slider-very-small\">Co-Founder<\/p>\n<\/div><\/div>\n\n<\/div><\/div>\n\n<div class=\"splide__slide wp-block-everysize-slide\" data-dot-label><div class=\"wp-block-everysize-slide-content \">\n<div class=\"wp-block-image is-style-default\">\n<figure class=\"aligncenter size-large\"><noscript><img loading=\"lazy\" decoding=\"async\" width=\"434\" height=\"521\" src=\"https:\/\/www.everysize.com\/mag\/wp-content\/uploads\/Eugen-1.jpg\" alt class=\"wp-image-46260\"><\/noscript><img loading=\"lazy\" decoding=\"async\" width=\"434\" height=\"521\" src=\"data:image\/svg+xml,%3Csvg%20xmlns%3D%22http%3A%2F%2Fwww.w3.org%2F2000%2Fsvg%22%20viewBox%3D%220%200%20434%20521%22%3E%3C%2Fsvg%3E\" alt class=\"wp-image-46260 lazyload\" data-src=\"https:\/\/www.everysize.com\/mag\/wp-content\/uploads\/Eugen-1.jpg\"><\/figure>\n<\/div>\n\n\n<div class=\"wp-block-group slider-person-info-with-mail-button\"><div class=\"wp-block-group__inner-container is-layout-flow wp-block-group-is-layout-flow\">\n<p class=\"is-style-slider-title\">Eugen Falkenstein<\/p>\n\n\n\n<p class=\"is-style-slider-very-small\">CEO und Co-Founder<\/p>\n<\/div><\/div>\n\n<\/div><\/div>\n\n<div class=\"splide__slide wp-block-everysize-slide\" data-dot-label><div class=\"wp-block-everysize-slide-content \">\n<div class=\"wp-block-image\">\n<figure class=\"aligncenter size-large\"><noscript><img loading=\"lazy\" decoding=\"async\" width=\"434\" height=\"521\" src=\"https:\/\/www.everysize.com\/mag\/wp-content\/uploads\/Michele-3.jpg\" alt class=\"wp-image-46261\"><\/noscript><img loading=\"lazy\" decoding=\"async\" width=\"434\" height=\"521\" src=\"data:image\/svg+xml,%3Csvg%20xmlns%3D%22http%3A%2F%2Fwww.w3.org%2F2000%2Fsvg%22%20viewBox%3D%220%200%20434%20521%22%3E%3C%2Fsvg%3E\" alt class=\"wp-image-46261 lazyload\" data-src=\"https:\/\/www.everysize.com\/mag\/wp-content\/uploads\/Michele-3.jpg\"><\/figure>\n<\/div>\n\n\n<div class=\"wp-block-group slider-person-info-with-mail-button\"><div class=\"wp-block-group__inner-container is-layout-flow wp-block-group-is-layout-flow\">\n<p class=\"is-style-slider-title\">Mich\u00e8le Niessner<\/p>\n\n\n\n<p class=\"is-style-slider-very-small\">Office-Management<\/p>\n<\/div><\/div>\n\n<\/div><\/div>\n\n<div class=\"splide__slide wp-block-everysize-slide\" data-dot-label><div class=\"wp-block-everysize-slide-content \">\n<div class=\"wp-block-image is-style-default\">\n<figure class=\"aligncenter size-full\"><noscript><img loading=\"lazy\" decoding=\"async\" width=\"434\" height=\"521\" src=\"https:\/\/www.everysize.com\/mag\/wp-content\/uploads\/Max.jpg\" alt class=\"wp-image-48580\"><\/noscript><img loading=\"lazy\" decoding=\"async\" width=\"434\" height=\"521\" src=\"data:image\/svg+xml,%3Csvg%20xmlns%3D%22http%3A%2F%2Fwww.w3.org%2F2000%2Fsvg%22%20viewBox%3D%220%200%20434%20521%22%3E%3C%2Fsvg%3E\" alt class=\"wp-image-48580 lazyload\" data-src=\"https:\/\/www.everysize.com\/mag\/wp-content\/uploads\/Max.jpg\"><\/figure>\n<\/div>\n\n\n<div class=\"wp-block-group slider-person-info-with-mail-button\"><div class=\"wp-block-group__inner-container is-layout-flow wp-block-group-is-layout-flow\">\n<p class=\"is-style-slider-title\">Markus Siefken<\/p>\n\n\n\n<p class=\"is-style-slider-very-small\">Key Account Manager<\/p>\n<\/div><\/div>\n\n<\/div><\/div>\n\n\t\t<\/div>\n\t<\/div>\n<\/div><\/div><\/div>\n\n\n\n<div class=\"wp-block-group\"><div class=\"wp-block-group__inner-container is-layout-flow wp-block-group-is-layout-flow\">\n<p>everysize besteht aus einem jungen, aufgeschlossenen Team, in dem Menschen mit unterschiedlichstem Background und Erfahrungen zusammen arbeiten. Mit der Motivation etwas zu ver\u00e4ndern, Neues auszuprobieren und gemeinsam kreativ zu sein, haben wir uns zum Ziel gesetzt, die Zukunft im Bereich E-Commerce zu pr\u00e4gen und zu ver\u00e4ndern.<\/p>\n\n\n\n<p>Dabei ist uns die pers\u00f6nliche und berufliche Weiterentwicklung jedes einzelnen genau so wichtig, wie die des Teams und die Entwicklung von everysize. Am Ende sind wir vor allen Dingen aber ein Team, eine Familie \u2013 everysize.<\/p>\n<\/div><\/div>\n\n\n\n<div class=\"wp-block-group is-style-about-footer has-white-color has-black-background-color has-text-color has-background\"><div class=\"wp-block-group__inner-container is-layout-flow wp-block-group-is-layout-flow\">\n<figure class=\"wp-block-image size-large\"><noscript><img loading=\"lazy\" decoding=\"async\" width=\"590\" height=\"473\" src=\"https:\/\/www.everysize.com\/mag\/wp-content\/uploads\/DSC09176-1-edited.jpg\" alt=\"Team everysize\" class=\"wp-image-44368\" srcset=\"https:\/\/www.everysize.com\/mag\/wp-content\/uploads\/DSC09176-1-edited.jpg 590w, https:\/\/www.everysize.com\/mag\/wp-content\/uploads\/DSC09176-1-edited-450x361.jpg 450w\" sizes=\"(max-width: 590px) 100vw, 590px\"><\/noscript><img loading=\"lazy\" decoding=\"async\" width=\"590\" height=\"473\" src=\"data:image\/svg+xml,%3Csvg%20xmlns%3D%22http%3A%2F%2Fwww.w3.org%2F2000%2Fsvg%22%20viewBox%3D%220%200%20590%20473%22%3E%3C%2Fsvg%3E\" alt=\"Team everysize\" class=\"wp-image-44368 lazyload\" srcset=\"data:image\/svg+xml,%3Csvg%20xmlns%3D%22http%3A%2F%2Fwww.w3.org%2F2000%2Fsvg%22%20viewBox%3D%220%200%20590%20473%22%3E%3C%2Fsvg%3E 590w\" sizes=\"(max-width: 590px) 100vw, 590px\" data-srcset=\"https:\/\/www.everysize.com\/mag\/wp-content\/uploads\/DSC09176-1-edited.jpg 590w, https:\/\/www.everysize.com\/mag\/wp-content\/uploads\/DSC09176-1-edited-450x361.jpg 450w\" data-src=\"https:\/\/www.everysize.com\/mag\/wp-content\/uploads\/DSC09176-1-edited.jpg\"><\/figure>\n\n\n\n<p class=\"is-style-about-footer-large\">my size.<br>my sneaker.<br>my team.<\/p>\n\n\n\n<div class=\"wp-block-buttons is-layout-flex wp-block-buttons-is-layout-flex\">\n<div class=\"wp-block-button\"><a class=\"wp-block-button__link wp-element-button\" href=\"https:\/\/www.everysize.com\/mag\/partner\/\">Partner werden<\/a><\/div>\n<\/div>\n<\/div><\/div>\n","protected":false},"excerpt":{"rendered":"<p>everysize vereinfacht die Suche nach deinem Wunsch-Sneakerin der richtigen Gr\u00f6\u00dfe und zum besten Preis! Sneaker in deiner Gr\u00f6\u00dfe zum besten Preis finden &#8211; das ist\u2026<\/p>\n","protected":false},"author":3,"featured_media":0,"parent":0,"menu_order":0,"comment_status":"closed","ping_status":"closed","template":"templates\/about-page.php","meta":{"_acf_changed":false,"inline_featured_image":false,"everysize_show_post_title":false,"footnotes":""},"class_list":["post-44356","page","type-page","status-publish","hentry"],"acf":[],"yoast_head":"<!-- This site is optimized with the Yoast SEO Premium plugin v26.9 (Yoast SEO v26.9) - https:\/\/yoast.com\/product\/yoast-seo-premium-wordpress\/ -->\n<title>\u00dcber Uns | everysize<\/title>\n<meta name=\"description\" content=\"Hier erf\u00e4hrst du alles \u00fcber everysize - Die Suchmaschine die das Sneaker online shopping grundlegend ver\u00e4ndert hat!\" \/>\n<meta name=\"robots\" content=\"index, follow, max-snippet:-1, max-image-preview:large, max-video-preview:-1\" \/>\n<link rel=\"canonical\" href=\"https:\/\/www.everysize.com\/mag\/ueber-uns\/\" \/>\n<meta property=\"og:locale\" content=\"de_DE\" \/>\n<meta property=\"og:type\" content=\"article\" \/>\n<meta property=\"og:title\" content=\"\u00dcber Uns | everysize\" \/>\n<meta property=\"og:description\" content=\"Hier erf\u00e4hrst du alles \u00fcber everysize - Die Suchmaschine die das Sneaker online shopping grundlegend ver\u00e4ndert hat!\" \/>\n<meta property=\"og:url\" content=\"https:\/\/www.everysize.com\/mag\/ueber-uns\/\" \/>\n<meta property=\"og:site_name\" content=\"everysize Blog\" \/>\n<meta property=\"article:publisher\" content=\"https:\/\/www.facebook.com\/everysizecom\/\" \/>\n<meta property=\"article:modified_time\" content=\"2025-03-18T09:34:54+00:00\" \/>\n<meta property=\"og:image\" content=\"https:\/\/www.everysize.com\/mag\/wp-content\/uploads\/everysize-Air-Force_Bubble-1160x820.png\" \/>\n<meta name=\"twitter:card\" content=\"summary_large_image\" \/>\n<meta name=\"twitter:title\" content=\"\u00dcber Uns | everysize\" \/>\n<meta name=\"twitter:description\" content=\"Hier erf\u00e4hrst du alles \u00fcber everysize - Die Suchmaschine die das Sneaker online shopping grundlegend ver\u00e4ndert hat!\" \/>\n<meta name=\"twitter:site\" content=\"@everysize_com\" \/>\n<meta name=\"twitter:label1\" content=\"Gesch\u00e4tzte Lesezeit\" \/>\n\t<meta name=\"twitter:data1\" content=\"4\u00a0Minuten\" \/>\n<script type=\"application\/ld+json\" class=\"yoast-schema-graph\">{\"@context\":\"https:\/\/schema.org\",\"@graph\":[{\"@type\":\"WebPage\",\"@id\":\"https:\/\/www.everysize.com\/mag\/ueber-uns\/\",\"url\":\"https:\/\/www.everysize.com\/mag\/ueber-uns\/\",\"name\":\"\u00dcber Uns | everysize\",\"isPartOf\":{\"@id\":\"https:\/\/www.everysize.com\/mag\/#website\"},\"primaryImageOfPage\":{\"@id\":\"https:\/\/www.everysize.com\/mag\/ueber-uns\/#primaryimage\"},\"image\":{\"@id\":\"https:\/\/www.everysize.com\/mag\/ueber-uns\/#primaryimage\"},\"thumbnailUrl\":\"https:\/\/www.everysize.com\/mag\/wp-content\/uploads\/everysize-Air-Force_Bubble-1160x820.png\",\"datePublished\":\"2021-03-24T10:40:14+00:00\",\"dateModified\":\"2025-03-18T09:34:54+00:00\",\"description\":\"Hier erf\u00e4hrst du alles \u00fcber everysize - Die Suchmaschine die das Sneaker online shopping grundlegend ver\u00e4ndert hat!\",\"breadcrumb\":{\"@id\":\"https:\/\/www.everysize.com\/mag\/ueber-uns\/#breadcrumb\"},\"inLanguage\":\"de\",\"potentialAction\":[{\"@type\":\"ReadAction\",\"target\":[\"https:\/\/www.everysize.com\/mag\/ueber-uns\/\"]}]},{\"@type\":\"ImageObject\",\"inLanguage\":\"de\",\"@id\":\"https:\/\/www.everysize.com\/mag\/ueber-uns\/#primaryimage\",\"url\":\"https:\/\/www.everysize.com\/mag\/wp-content\/uploads\/everysize-Air-Force_Bubble.png\",\"contentUrl\":\"https:\/\/www.everysize.com\/mag\/wp-content\/uploads\/everysize-Air-Force_Bubble.png\",\"width\":1206,\"height\":852,\"caption\":\"everysize-Air-Force_Bubble\"},{\"@type\":\"BreadcrumbList\",\"@id\":\"https:\/\/www.everysize.com\/mag\/ueber-uns\/#breadcrumb\",\"itemListElement\":[{\"@type\":\"ListItem\",\"position\":1,\"name\":\"Magazin\",\"item\":\"https:\/\/www.everysize.com\/mag\/\"},{\"@type\":\"ListItem\",\"position\":2,\"name\":\"\u00dcber Uns\"}]},{\"@type\":\"WebSite\",\"@id\":\"https:\/\/www.everysize.com\/mag\/#website\",\"url\":\"https:\/\/www.everysize.com\/mag\/\",\"name\":\"everysize Blog\",\"description\":\"Releases, Trends &amp; Interviews\",\"publisher\":{\"@id\":\"https:\/\/www.everysize.com\/mag\/#organization\"},\"inLanguage\":\"de\"},{\"@type\":\"Organization\",\"@id\":\"https:\/\/www.everysize.com\/mag\/#organization\",\"name\":\"everysize\",\"url\":\"https:\/\/www.everysize.com\/mag\/\",\"logo\":{\"@type\":\"ImageObject\",\"inLanguage\":\"de\",\"@id\":\"https:\/\/www.everysize.com\/mag\/#\/schema\/logo\/image\/\",\"url\":\"https:\/\/www.everysize.com\/mag\/wp-content\/uploads\/es_magazin_Google_Meta_.jpg\",\"contentUrl\":\"https:\/\/www.everysize.com\/mag\/wp-content\/uploads\/es_magazin_Google_Meta_.jpg\",\"width\":1200,\"height\":628,\"caption\":\"everysize\"},\"image\":{\"@id\":\"https:\/\/www.everysize.com\/mag\/#\/schema\/logo\/image\/\"},\"sameAs\":[\"https:\/\/www.facebook.com\/everysizecom\/\",\"https:\/\/x.com\/everysize_com\",\"https:\/\/www.instagram.com\/everysize\/\",\"https:\/\/www.linkedin.com\/company\/10958702\/\",\"https:\/\/www.pinterest.de\/everysize\/\",\"https:\/\/www.youtube.com\/channel\/UCqrg66pjnv50Ytkfuuq5TzQ\/featured\"]}]}<\/script>\n<!-- \/ Yoast SEO Premium plugin. -->","yoast_head_json":{"title":"\u00dcber Uns | everysize","description":"Hier erf\u00e4hrst du alles \u00fcber everysize - Die Suchmaschine die das Sneaker online shopping grundlegend ver\u00e4ndert hat!","robots":{"index":"index","follow":"follow","max-snippet":"max-snippet:-1","max-image-preview":"max-image-preview:large","max-video-preview":"max-video-preview:-1"},"canonical":"https:\/\/www.everysize.com\/mag\/ueber-uns\/","og_locale":"de_DE","og_type":"article","og_title":"\u00dcber Uns | everysize","og_description":"Hier erf\u00e4hrst du alles \u00fcber everysize - Die Suchmaschine die das Sneaker online shopping grundlegend ver\u00e4ndert hat!","og_url":"https:\/\/www.everysize.com\/mag\/ueber-uns\/","og_site_name":"everysize Blog","article_publisher":"https:\/\/www.facebook.com\/everysizecom\/","article_modified_time":"2025-03-18T09:34:54+00:00","og_image":[{"url":"https:\/\/www.everysize.com\/mag\/wp-content\/uploads\/everysize-Air-Force_Bubble-1160x820.png","type":"","width":"","height":""}],"twitter_card":"summary_large_image","twitter_title":"\u00dcber Uns | everysize","twitter_description":"Hier erf\u00e4hrst du alles \u00fcber everysize - Die Suchmaschine die das Sneaker online shopping grundlegend ver\u00e4ndert hat!","twitter_site":"@everysize_com","twitter_misc":{"Gesch\u00e4tzte Lesezeit":"4\u00a0Minuten"},"schema":{"@context":"https:\/\/schema.org","@graph":[{"@type":"WebPage","@id":"https:\/\/www.everysize.com\/mag\/ueber-uns\/","url":"https:\/\/www.everysize.com\/mag\/ueber-uns\/","name":"\u00dcber Uns | everysize","isPartOf":{"@id":"https:\/\/www.everysize.com\/mag\/#website"},"primaryImageOfPage":{"@id":"https:\/\/www.everysize.com\/mag\/ueber-uns\/#primaryimage"},"image":{"@id":"https:\/\/www.everysize.com\/mag\/ueber-uns\/#primaryimage"},"thumbnailUrl":"https:\/\/www.everysize.com\/mag\/wp-content\/uploads\/everysize-Air-Force_Bubble-1160x820.png","datePublished":"2021-03-24T10:40:14+00:00","dateModified":"2025-03-18T09:34:54+00:00","description":"Hier erf\u00e4hrst du alles \u00fcber everysize - Die Suchmaschine die das Sneaker online shopping grundlegend ver\u00e4ndert hat!","breadcrumb":{"@id":"https:\/\/www.everysize.com\/mag\/ueber-uns\/#breadcrumb"},"inLanguage":"de","potentialAction":[{"@type":"ReadAction","target":["https:\/\/www.everysize.com\/mag\/ueber-uns\/"]}]},{"@type":"ImageObject","inLanguage":"de","@id":"https:\/\/www.everysize.com\/mag\/ueber-uns\/#primaryimage","url":"https:\/\/www.everysize.com\/mag\/wp-content\/uploads\/everysize-Air-Force_Bubble.png","contentUrl":"https:\/\/www.everysize.com\/mag\/wp-content\/uploads\/everysize-Air-Force_Bubble.png","width":1206,"height":852,"caption":"everysize-Air-Force_Bubble"},{"@type":"BreadcrumbList","@id":"https:\/\/www.everysize.com\/mag\/ueber-uns\/#breadcrumb","itemListElement":[{"@type":"ListItem","position":1,"name":"Magazin","item":"https:\/\/www.everysize.com\/mag\/"},{"@type":"ListItem","position":2,"name":"\u00dcber Uns"}]},{"@type":"WebSite","@id":"https:\/\/www.everysize.com\/mag\/#website","url":"https:\/\/www.everysize.com\/mag\/","name":"everysize Blog","description":"Releases, Trends &amp; Interviews","publisher":{"@id":"https:\/\/www.everysize.com\/mag\/#organization"},"inLanguage":"de"},{"@type":"Organization","@id":"https:\/\/www.everysize.com\/mag\/#organization","name":"everysize","url":"https:\/\/www.everysize.com\/mag\/","logo":{"@type":"ImageObject","inLanguage":"de","@id":"https:\/\/www.everysize.com\/mag\/#\/schema\/logo\/image\/","url":"https:\/\/www.everysize.com\/mag\/wp-content\/uploads\/es_magazin_Google_Meta_.jpg","contentUrl":"https:\/\/www.everysize.com\/mag\/wp-content\/uploads\/es_magazin_Google_Meta_.jpg","width":1200,"height":628,"caption":"everysize"},"image":{"@id":"https:\/\/www.everysize.com\/mag\/#\/schema\/logo\/image\/"},"sameAs":["https:\/\/www.facebook.com\/everysizecom\/","https:\/\/x.com\/everysize_com","https:\/\/www.instagram.com\/everysize\/","https:\/\/www.linkedin.com\/company\/10958702\/","https:\/\/www.pinterest.de\/everysize\/","https:\/\/www.youtube.com\/channel\/UCqrg66pjnv50Ytkfuuq5TzQ\/featured"]}]}},"_links":{"self":[{"href":"https:\/\/www.everysize.com\/mag\/wp-json\/wp\/v2\/pages\/44356","targetHints":{"allow":["GET"]}}],"collection":[{"href":"https:\/\/www.everysize.com\/mag\/wp-json\/wp\/v2\/pages"}],"about":[{"href":"https:\/\/www.everysize.com\/mag\/wp-json\/wp\/v2\/types\/page"}],"author":[{"embeddable":true,"href":"https:\/\/www.everysize.com\/mag\/wp-json\/wp\/v2\/users\/3"}],"replies":[{"embeddable":true,"href":"https:\/\/www.everysize.com\/mag\/wp-json\/wp\/v2\/comments?post=44356"}],"version-history":[{"count":55,"href":"https:\/\/www.everysize.com\/mag\/wp-json\/wp\/v2\/pages\/44356\/revisions"}],"predecessor-version":[{"id":55445,"href":"https:\/\/www.everysize.com\/mag\/wp-json\/wp\/v2\/pages\/44356\/revisions\/55445"}],"wp:attachment":[{"href":"https:\/\/www.everysize.com\/mag\/wp-json\/wp\/v2\/media?parent=44356"}],"curies":[{"name":"wp","href":"https:\/\/api.w.org\/{rel}","templated":true}]}}