{"id":45404,"date":"2021-04-14T17:31:51","date_gmt":"2021-04-14T15:31:51","guid":{"rendered":"https:\/\/www.everysize.com\/mag\/?page_id=45404"},"modified":"2026-02-09T11:55:59","modified_gmt":"2026-02-09T10:55:59","slug":"hilfe","status":"publish","type":"page","link":"https:\/\/www.everysize.com\/mag\/hilfe\/","title":{"rendered":"Hilfe"},"content":{"rendered":"\n<div class=\"wp-block-group is-style-about-wide-width\"><div class=\"wp-block-group__inner-container is-layout-flow wp-block-group-is-layout-flow\"><div class=\"wp-block-pb-accordion-item-wrapper\">\n<div class=\"wp-block-pb-accordion-item c-accordion__item js-accordion-item no-js\" data-initially-open=\"false\" data-click-to-close=\"true\" data-auto-close=\"true\" data-scroll=\"false\" data-scroll-offset=\"0\"><button id=\"at-454040\" class=\"c-accordion__title js-accordion-controller c-accordion__title--button\" role=\"button\">Wie kann ich bei everysize bestellen?<\/button><div id=\"ac-454040\" class=\"c-accordion__content\">\n<p>everysize ist kein Shop, sondern eine Produktsuchmaschine f\u00fcr Sneaker und Schuhe. Auf unserer Seite findest du die angesagtesten, trendigsten und neuesten Sneaker von \u00fcber 60 unserer nationalen und internationalen Partner-Shops. Durch klicken auf einen \u201eZum Shop\u201c Button auf everysize, wirst du direkt zum entsprechenden Partner-Shop weitergeleitet und kannst dort bequem deinen neuen Lieblings-Sneaker bestellen.<\/p>\n<\/div><\/div>\n<\/div>\n\n<div class=\"wp-block-pb-accordion-item-wrapper\">\n<div class=\"wp-block-pb-accordion-item c-accordion__item js-accordion-item no-js\" data-initially-open=\"false\" data-click-to-close=\"true\" data-auto-close=\"true\" data-scroll=\"false\" data-scroll-offset=\"0\"><button id=\"at-454041\" class=\"c-accordion__title js-accordion-controller c-accordion__title--button\" role=\"button\">Was muss ich tun, wenn ich etwas umtauschen oder zur\u00fcckgeben m\u00f6chte?<\/button><div id=\"ac-454041\" class=\"c-accordion__content\">\n<p>Bitte wende dich bei Retouren oder sonstigen Themen zu deiner Bestellung an den jeweiligen Shop, bei dem du bestellt hast. Checke am besten deine E-Mails nach der Bestellbest\u00e4tigung. Dort siehst du bei welchem Shop du bestellt hast..<\/p>\n<\/div><\/div>\n<\/div>\n\n<div class=\"wp-block-pb-accordion-item-wrapper\">\n<div class=\"wp-block-pb-accordion-item c-accordion__item js-accordion-item no-js\" data-initially-open=\"false\" data-click-to-close=\"true\" data-auto-close=\"true\" data-scroll=\"false\" data-scroll-offset=\"0\"><button id=\"at-454042\" class=\"c-accordion__title js-accordion-controller c-accordion__title--button\" role=\"button\">Sind die auf everysize verlinkten Partnershops vertrauensw\u00fcrdig?<\/button><div id=\"ac-454042\" class=\"c-accordion__content\">\n<p>Jeder der auf everysize gelisteten Partner-Shops ist vertrauensw\u00fcrdig und du kannst ohne Bedenken deine Bestellung durchf\u00fchren. Bevor wir eine Kooperation mit einem neuen Shop eingehen, wird er von uns gepr\u00fcft. Unser Team arbeitet zum Teil schon seit vielen Jahren in der Sneakerbranche und weiss sehr genau auf was es im Detail zu achten gilt. Zudem f\u00fchren wir in regelm\u00e4ssigen Abst\u00e4nden Testbestellungen bei all unseren Partner-Shops durch. Hier findest du eine \u00dcbersicht unserer aktuellen&nbsp;<a href=\"https:\/\/www.everysize.com\/mag\/shops\/\"><strong>Partner-Shops<\/strong><\/a>.<\/p>\n<\/div><\/div>\n<\/div>\n\n<div class=\"wp-block-pb-accordion-item-wrapper\">\n<div class=\"wp-block-pb-accordion-item c-accordion__item js-accordion-item no-js\" data-initially-open=\"false\" data-click-to-close=\"true\" data-auto-close=\"true\" data-scroll=\"false\" data-scroll-offset=\"0\"><button id=\"at-454043\" class=\"c-accordion__title js-accordion-controller c-accordion__title--button\" role=\"button\">Wie wird festgelegt, in welcher Reihenfolge die Angebote angezeigt werden?<\/button><div id=\"ac-454043\" class=\"c-accordion__content\">\n<p>Die Sortierung basiert auf einem Algorithmus, der verschiedene Kennzahlen der Shops und Angebote ber\u00fccksichtigt. Dazu z\u00e4hlen sogenannte Prim\u00e4rkennzahlen wie der Preis, die Anzahl der verf\u00fcgbaren Gr\u00f6\u00dfen, die Aktualit\u00e4t der uns vorliegenden Daten aber auch Sekund\u00e4rkennzahlen wie Mobile-Friendly, PageSpeed, Budget, etc. Der Algorithmus versucht das f\u00fcr dich relevanteste Angebot m\u00f6glichst weit oben anzuzeigen. Da bei der Standardsortierung keine Gr\u00f6\u00dfe ausgew\u00e4hlt ist, k\u00f6nnte es ansonsten sein, dass der g\u00fcnstigste Preis nur in einer Gr\u00f6\u00dfe verf\u00fcgbar ist und diese nicht deiner Schuhgr\u00f6\u00dfe entspricht. Dies w\u00e4re irref\u00fchrend, weshalb wir verschiedene Kriterien ber\u00fccksichtigen.<\/p>\n\n\n\n<p>Tipp: W\u00e4hle am Besten immer deine Schuhgr\u00f6\u00dfe aus \u2013 dann wechselt die Sortierung auf \u201eGew\u00e4hlte Gr\u00f6\u00dfe\u201c. Damit sortieren wir die Angebote nach allen Angeboten bzw. Shops die auch nur in deiner Gr\u00f6\u00dfe verf\u00fcgbar sind und anschlie\u00dfend nach dem g\u00fcnstigsten Preis!<\/p>\n<\/div><\/div>\n<\/div>\n\n<div class=\"wp-block-pb-accordion-item-wrapper\">\n<div class=\"wp-block-pb-accordion-item c-accordion__item js-accordion-item no-js\" data-initially-open=\"false\" data-click-to-close=\"true\" data-auto-close=\"true\" data-scroll=\"false\" data-scroll-offset=\"0\"><button id=\"at-454044\" class=\"c-accordion__title js-accordion-controller c-accordion__title--button\" role=\"button\">Wo finde ich Gutscheine und Rabattcodes?<\/button><div id=\"ac-454044\" class=\"c-accordion__content\">\n<p>Gutscheincodes unserer Partner-Shops werden dir direkt auf der Produktseite beim jeweiligen Shop angezeigt. Der jeweilige Rabatt wird automatisch mit dem Preis verrechnet \u2013 du musst also nicht mehr rechnen und kannst direkt alle Preise inkl. Rabatt vergleichen.<\/p>\n<\/div><\/div>\n<\/div>\n\n<div class=\"wp-block-pb-accordion-item-wrapper\">\n<div class=\"wp-block-pb-accordion-item c-accordion__item js-accordion-item no-js\" data-initially-open=\"false\" data-click-to-close=\"true\" data-auto-close=\"true\" data-scroll=\"false\" data-scroll-offset=\"0\"><button id=\"at-454045\" class=\"c-accordion__title js-accordion-controller c-accordion__title--button\" role=\"button\">Wie funktioniert everysize?<\/button><div id=\"ac-454045\" class=\"c-accordion__content\">\n<p>everysize hat das Suchen und Online-Shoppen von Schuhen revolutioniert. Bei uns kannst du nicht nur eine Vielzahl an Online-Shops gleichzeitig durchsuchen, sondern auch gezielt nach deiner individuellen Schuhgr\u00f6\u00dfe. Dir wird also nur angezeigt, was dir auch passt und du sparst dir wertvolle Zeit und Nerven.<\/p>\n\n\n\n<p>W\u00e4hle deine Schuhgr\u00f6\u00dfe, filter nach Preis, Marke, Modell oder Farbe und wir zeigen dir alle Angeboten in deiner Gr\u00f6\u00dfe im \u00dcberblick. Auf der Produktseite deines Wunsch-Sneakers findest du alle verf\u00fcgbaren Shops im direkten Preisvergleich und wirst direkt zum Shop deiner Wahl weitergeleitet, wo du bequem online bestellen kannst.<\/p>\n<\/div><\/div>\n<\/div>\n\n<div class=\"wp-block-pb-accordion-item-wrapper\">\n<div class=\"wp-block-pb-accordion-item c-accordion__item js-accordion-item no-js\" data-initially-open=\"false\" data-click-to-close=\"true\" data-auto-close=\"true\" data-scroll=\"false\" data-scroll-offset=\"0\"><button id=\"at-454046\" class=\"c-accordion__title js-accordion-controller c-accordion__title--button\" role=\"button\">Warum ist meine Gr\u00f6\u00dfe im Shop nicht mehr verf\u00fcgbar, obwohl sie bei everysize angezeigt wird?<\/button><div id=\"ac-454046\" class=\"c-accordion__content\">\n<p>Wir erhalten die Produktdaten der Shops mehrfach am Tag. Leider kann es aber trotzdem passieren, dass innerhalb der wenigen Stunden bzw. Minuten die zwischen den Aktualisierungen liegen, eine Gr\u00f6\u00dfe ausverkauft wird. Gemeinsam mit unseren Partner-Shops arbeiten wir stetig daran, dass dies so selten wie nur irgendwie m\u00f6glich passiert.<\/p>\n<\/div><\/div>\n<\/div>\n\n<div class=\"wp-block-pb-accordion-item-wrapper\">\n<div class=\"wp-block-pb-accordion-item c-accordion__item js-accordion-item no-js\" data-initially-open=\"false\" data-click-to-close=\"true\" data-auto-close=\"true\" data-scroll=\"false\" data-scroll-offset=\"0\"><button id=\"at-454047\" class=\"c-accordion__title js-accordion-controller c-accordion__title--button\" role=\"button\">Welche Marken gibt es auf everysize?<\/button><div id=\"ac-454047\" class=\"c-accordion__content\">\n<p>Derzeit findest du aus everysize \u00fcber 220.000 verschiedene Sneaker &amp; Schuhe von mehr als 100\u00a0<a href=\"https:\/\/www.everysize.com\/brands\/\">Marken<\/a>.<\/p>\n<\/div><\/div>\n<\/div><\/div><\/div>\n\n\n\n<p>Du hast noch offene Fragen, Kritik oder Feedback?&nbsp;<a href=\"https:\/\/www.everysize.com\/kontakt\/\">Dann melde dich gerne bei uns.<\/a><\/p>\n","protected":false},"excerpt":{"rendered":"<p>Du hast noch offene Fragen, Kritik oder Feedback?&nbsp;Dann melde dich gerne bei uns.<\/p>\n","protected":false},"author":14,"featured_media":0,"parent":0,"menu_order":0,"comment_status":"closed","ping_status":"closed","template":"templates\/about-page.php","meta":{"_acf_changed":false,"inline_featured_image":false,"everysize_show_post_title":true,"footnotes":""},"class_list":["post-45404","page","type-page","status-publish","hentry"],"acf":[],"yoast_head":"<!-- This site is optimized with the Yoast SEO Premium plugin v26.9 (Yoast SEO v26.9) - https:\/\/yoast.com\/product\/yoast-seo-premium-wordpress\/ -->\n<title>Hilfe | everysize<\/title>\n<meta name=\"description\" content=\"Finde hier die h\u00e4ufigsten Fragen und Antworten rund um die Sneaker-Suchmaschine everysize.\" \/>\n<meta name=\"robots\" content=\"index, follow, max-snippet:-1, max-image-preview:large, max-video-preview:-1\" \/>\n<link rel=\"canonical\" href=\"https:\/\/www.everysize.com\/mag\/hilfe\/\" \/>\n<meta property=\"og:locale\" content=\"de_DE\" \/>\n<meta property=\"og:type\" content=\"article\" \/>\n<meta property=\"og:title\" content=\"Hilfe\" \/>\n<meta property=\"og:description\" content=\"Wie kann ich bei everysize bestellen? everysize ist kein Shop, sondern eine Produktsuchmaschine f\u00fcr Sneaker und Schuhe. Auf unserer Seite findest du die\" \/>\n<meta property=\"og:url\" content=\"https:\/\/www.everysize.com\/mag\/hilfe\/\" \/>\n<meta property=\"og:site_name\" content=\"everysize Blog\" \/>\n<meta property=\"article:publisher\" content=\"https:\/\/www.facebook.com\/everysizecom\/\" \/>\n<meta property=\"article:modified_time\" content=\"2026-02-09T10:55:59+00:00\" \/>\n<meta property=\"og:image\" content=\"https:\/\/www.everysize.com\/mag\/wp-content\/uploads\/2018\/01\/everysize-blog.jpg\" \/>\n\t<meta property=\"og:image:width\" content=\"1195\" \/>\n\t<meta property=\"og:image:height\" content=\"627\" \/>\n\t<meta property=\"og:image:type\" content=\"image\/jpeg\" \/>\n<meta name=\"twitter:card\" content=\"summary_large_image\" \/>\n<meta name=\"twitter:site\" content=\"@everysize_com\" \/>\n<meta name=\"twitter:label1\" content=\"Gesch\u00e4tzte Lesezeit\" \/>\n\t<meta name=\"twitter:data1\" content=\"4\u00a0Minuten\" \/>\n<script type=\"application\/ld+json\" class=\"yoast-schema-graph\">{\"@context\":\"https:\/\/schema.org\",\"@graph\":[{\"@type\":\"WebPage\",\"@id\":\"https:\/\/www.everysize.com\/mag\/hilfe\/\",\"url\":\"https:\/\/www.everysize.com\/mag\/hilfe\/\",\"name\":\"Hilfe | everysize\",\"isPartOf\":{\"@id\":\"https:\/\/www.everysize.com\/mag\/#website\"},\"datePublished\":\"2021-04-14T15:31:51+00:00\",\"dateModified\":\"2026-02-09T10:55:59+00:00\",\"description\":\"Finde hier die h\u00e4ufigsten Fragen und Antworten rund um die Sneaker-Suchmaschine everysize.\",\"breadcrumb\":{\"@id\":\"https:\/\/www.everysize.com\/mag\/hilfe\/#breadcrumb\"},\"inLanguage\":\"de\",\"potentialAction\":[{\"@type\":\"ReadAction\",\"target\":[\"https:\/\/www.everysize.com\/mag\/hilfe\/\"]}]},{\"@type\":\"BreadcrumbList\",\"@id\":\"https:\/\/www.everysize.com\/mag\/hilfe\/#breadcrumb\",\"itemListElement\":[{\"@type\":\"ListItem\",\"position\":1,\"name\":\"Magazin\",\"item\":\"https:\/\/www.everysize.com\/mag\/\"},{\"@type\":\"ListItem\",\"position\":2,\"name\":\"Hilfe\"}]},{\"@type\":\"WebSite\",\"@id\":\"https:\/\/www.everysize.com\/mag\/#website\",\"url\":\"https:\/\/www.everysize.com\/mag\/\",\"name\":\"everysize Blog\",\"description\":\"Releases, Trends &amp; Interviews\",\"publisher\":{\"@id\":\"https:\/\/www.everysize.com\/mag\/#organization\"},\"inLanguage\":\"de\"},{\"@type\":\"Organization\",\"@id\":\"https:\/\/www.everysize.com\/mag\/#organization\",\"name\":\"everysize\",\"url\":\"https:\/\/www.everysize.com\/mag\/\",\"logo\":{\"@type\":\"ImageObject\",\"inLanguage\":\"de\",\"@id\":\"https:\/\/www.everysize.com\/mag\/#\/schema\/logo\/image\/\",\"url\":\"https:\/\/www.everysize.com\/mag\/wp-content\/uploads\/es_magazin_Google_Meta_.jpg\",\"contentUrl\":\"https:\/\/www.everysize.com\/mag\/wp-content\/uploads\/es_magazin_Google_Meta_.jpg\",\"width\":1200,\"height\":628,\"caption\":\"everysize\"},\"image\":{\"@id\":\"https:\/\/www.everysize.com\/mag\/#\/schema\/logo\/image\/\"},\"sameAs\":[\"https:\/\/www.facebook.com\/everysizecom\/\",\"https:\/\/x.com\/everysize_com\",\"https:\/\/www.instagram.com\/everysize\/\",\"https:\/\/www.linkedin.com\/company\/10958702\/\",\"https:\/\/www.pinterest.de\/everysize\/\",\"https:\/\/www.youtube.com\/channel\/UCqrg66pjnv50Ytkfuuq5TzQ\/featured\"]}]}<\/script>\n<!-- \/ Yoast SEO Premium plugin. -->","yoast_head_json":{"title":"Hilfe | everysize","description":"Finde hier die h\u00e4ufigsten Fragen und Antworten rund um die Sneaker-Suchmaschine everysize.","robots":{"index":"index","follow":"follow","max-snippet":"max-snippet:-1","max-image-preview":"max-image-preview:large","max-video-preview":"max-video-preview:-1"},"canonical":"https:\/\/www.everysize.com\/mag\/hilfe\/","og_locale":"de_DE","og_type":"article","og_title":"Hilfe","og_description":"Wie kann ich bei everysize bestellen? everysize ist kein Shop, sondern eine Produktsuchmaschine f\u00fcr Sneaker und Schuhe. Auf unserer Seite findest du die","og_url":"https:\/\/www.everysize.com\/mag\/hilfe\/","og_site_name":"everysize Blog","article_publisher":"https:\/\/www.facebook.com\/everysizecom\/","article_modified_time":"2026-02-09T10:55:59+00:00","og_image":[{"width":1195,"height":627,"url":"https:\/\/www.everysize.com\/mag\/wp-content\/uploads\/2018\/01\/everysize-blog.jpg","type":"image\/jpeg"}],"twitter_card":"summary_large_image","twitter_site":"@everysize_com","twitter_misc":{"Gesch\u00e4tzte Lesezeit":"4\u00a0Minuten"},"schema":{"@context":"https:\/\/schema.org","@graph":[{"@type":"WebPage","@id":"https:\/\/www.everysize.com\/mag\/hilfe\/","url":"https:\/\/www.everysize.com\/mag\/hilfe\/","name":"Hilfe | everysize","isPartOf":{"@id":"https:\/\/www.everysize.com\/mag\/#website"},"datePublished":"2021-04-14T15:31:51+00:00","dateModified":"2026-02-09T10:55:59+00:00","description":"Finde hier die h\u00e4ufigsten Fragen und Antworten rund um die Sneaker-Suchmaschine everysize.","breadcrumb":{"@id":"https:\/\/www.everysize.com\/mag\/hilfe\/#breadcrumb"},"inLanguage":"de","potentialAction":[{"@type":"ReadAction","target":["https:\/\/www.everysize.com\/mag\/hilfe\/"]}]},{"@type":"BreadcrumbList","@id":"https:\/\/www.everysize.com\/mag\/hilfe\/#breadcrumb","itemListElement":[{"@type":"ListItem","position":1,"name":"Magazin","item":"https:\/\/www.everysize.com\/mag\/"},{"@type":"ListItem","position":2,"name":"Hilfe"}]},{"@type":"WebSite","@id":"https:\/\/www.everysize.com\/mag\/#website","url":"https:\/\/www.everysize.com\/mag\/","name":"everysize Blog","description":"Releases, Trends &amp; Interviews","publisher":{"@id":"https:\/\/www.everysize.com\/mag\/#organization"},"inLanguage":"de"},{"@type":"Organization","@id":"https:\/\/www.everysize.com\/mag\/#organization","name":"everysize","url":"https:\/\/www.everysize.com\/mag\/","logo":{"@type":"ImageObject","inLanguage":"de","@id":"https:\/\/www.everysize.com\/mag\/#\/schema\/logo\/image\/","url":"https:\/\/www.everysize.com\/mag\/wp-content\/uploads\/es_magazin_Google_Meta_.jpg","contentUrl":"https:\/\/www.everysize.com\/mag\/wp-content\/uploads\/es_magazin_Google_Meta_.jpg","width":1200,"height":628,"caption":"everysize"},"image":{"@id":"https:\/\/www.everysize.com\/mag\/#\/schema\/logo\/image\/"},"sameAs":["https:\/\/www.facebook.com\/everysizecom\/","https:\/\/x.com\/everysize_com","https:\/\/www.instagram.com\/everysize\/","https:\/\/www.linkedin.com\/company\/10958702\/","https:\/\/www.pinterest.de\/everysize\/","https:\/\/www.youtube.com\/channel\/UCqrg66pjnv50Ytkfuuq5TzQ\/featured"]}]}},"_links":{"self":[{"href":"https:\/\/www.everysize.com\/mag\/wp-json\/wp\/v2\/pages\/45404","targetHints":{"allow":["GET"]}}],"collection":[{"href":"https:\/\/www.everysize.com\/mag\/wp-json\/wp\/v2\/pages"}],"about":[{"href":"https:\/\/www.everysize.com\/mag\/wp-json\/wp\/v2\/types\/page"}],"author":[{"embeddable":true,"href":"https:\/\/www.everysize.com\/mag\/wp-json\/wp\/v2\/users\/14"}],"replies":[{"embeddable":true,"href":"https:\/\/www.everysize.com\/mag\/wp-json\/wp\/v2\/comments?post=45404"}],"version-history":[{"count":14,"href":"https:\/\/www.everysize.com\/mag\/wp-json\/wp\/v2\/pages\/45404\/revisions"}],"predecessor-version":[{"id":56589,"href":"https:\/\/www.everysize.com\/mag\/wp-json\/wp\/v2\/pages\/45404\/revisions\/56589"}],"wp:attachment":[{"href":"https:\/\/www.everysize.com\/mag\/wp-json\/wp\/v2\/media?parent=45404"}],"curies":[{"name":"wp","href":"https:\/\/api.w.org\/{rel}","templated":true}]}}